{"id":13,"date":"2026-03-17T16:06:22","date_gmt":"2026-03-17T16:06:22","guid":{"rendered":"https:\/\/iarina023.supserv.cozmoslabs.com\/?post_type=product&#038;p=13"},"modified":"2026-03-17T16:07:20","modified_gmt":"2026-03-17T16:07:20","slug":"purple-shirt","status":"publish","type":"product","link":"https:\/\/iarina023.supserv.cozmoslabs.com\/da\/vare\/purple-shirt\/","title":{"rendered":"Lilla skjorte"},"content":{"rendered":"<p>Lav et dristigt, men sofistikeret statement med vores Purple Shirt, der er designet til dem, der s\u00e6tter pris p\u00e5 b\u00e5de stil og komfort. Uanset om du er p\u00e5 vej til et kreativt m\u00f8de eller en weekendbrunch, har denne skjorte en fyldig, levende nuance, der skiller sig ud i enhver forsamling.<\/p>","protected":false},"excerpt":{"rendered":"<p>Dette er en s\u00f8d og enkel lilla skjorte, som er behagelig nok til hverdagsbrug.<\/p>","protected":false},"featured_media":14,"comment_status":"open","ping_status":"closed","template":"","meta":[],"product_brand":[],"product_cat":[15],"product_tag":[],"class_list":{"0":"post-13","1":"product","2":"type-product","3":"status-publish","4":"has-post-thumbnail","6":"product_cat-uncategorized","8":"first","9":"instock","10":"shipping-taxable","11":"purchasable","12":"product-type-simple"},"_links":{"self":[{"href":"https:\/\/iarina023.supserv.cozmoslabs.com\/da\/wp-json\/wp\/v2\/product\/13","targetHints":{"allow":["GET"]}}],"collection":[{"href":"https:\/\/iarina023.supserv.cozmoslabs.com\/da\/wp-json\/wp\/v2\/product"}],"about":[{"href":"https:\/\/iarina023.supserv.cozmoslabs.com\/da\/wp-json\/wp\/v2\/types\/product"}],"replies":[{"embeddable":true,"href":"https:\/\/iarina023.supserv.cozmoslabs.com\/da\/wp-json\/wp\/v2\/comments?post=13"}],"wp:featuredmedia":[{"embeddable":true,"href":"https:\/\/iarina023.supserv.cozmoslabs.com\/da\/wp-json\/wp\/v2\/media\/14"}],"wp:attachment":[{"href":"https:\/\/iarina023.supserv.cozmoslabs.com\/da\/wp-json\/wp\/v2\/media?parent=13"}],"wp:term":[{"taxonomy":"product_brand","embeddable":true,"href":"https:\/\/iarina023.supserv.cozmoslabs.com\/da\/wp-json\/wp\/v2\/product_brand?post=13"},{"taxonomy":"product_cat","embeddable":true,"href":"https:\/\/iarina023.supserv.cozmoslabs.com\/da\/wp-json\/wp\/v2\/product_cat?post=13"},{"taxonomy":"product_tag","embeddable":true,"href":"https:\/\/iarina023.supserv.cozmoslabs.com\/da\/wp-json\/wp\/v2\/product_tag?post=13"}],"curies":[{"name":"wp","href":"https:\/\/api.w.org\/{rel}","templated":true}]}}