{"id":15,"date":"2026-03-17T16:08:37","date_gmt":"2026-03-17T16:08:37","guid":{"rendered":"https:\/\/iarina023.supserv.cozmoslabs.com\/?post_type=product&#038;p=15"},"modified":"2026-03-17T16:08:37","modified_gmt":"2026-03-17T16:08:37","slug":"perfume-pendant","status":"publish","type":"product","link":"https:\/\/iarina023.supserv.cozmoslabs.com\/sv\/produkt\/perfume-pendant\/","title":{"rendered":"Parfymh\u00e4nge"},"content":{"rendered":"<p>F\u00f6rh\u00f6j din smyckessamling med v\u00e5ra\u00a0<b data-path-to-node=\"9\" data-index-in-node=\"41\">H\u00e4nge i glas med hj\u00e4rta<\/b>, Ett m\u00e4sterverk av delikat hantverk. Det h\u00e4r \u00e4r inte bara ett halsband; det \u00e4r ett funktionellt konstverk som \u00e4r utformat f\u00f6r att h\u00e5lla en droppe av din favorit eteriska olja eller parfym, s\u00e5 att du har din doft n\u00e4ra dig hela dagen.<\/p>\n<p>Den \u00e4r dekorerad med detaljer i form av gyllene blad och i mitten finns en blomma med en liten halv\u00e4delsten i form av en regnb\u00e5gsopal.<\/p>","protected":false},"excerpt":{"rendered":"<p>Detta uts\u00f6kta glash\u00e4nge med hj\u00e4rta fungerar \u00e4ven som en b\u00e4rbar parfymflaska, med eleganta guldf\u00e4rgade accenter och ett delikat blommotiv med en skimrande regnb\u00e5gsopal i mitten. Det \u00e4r den perfekta blandningen av vintagecharm och funktionell lyx.<\/p>","protected":false},"featured_media":16,"comment_status":"open","ping_status":"closed","template":"","meta":[],"product_brand":[],"product_cat":[15],"product_tag":[],"class_list":{"0":"post-15","1":"product","2":"type-product","3":"status-publish","4":"has-post-thumbnail","6":"product_cat-uncategorized","8":"first","9":"instock","10":"shipping-taxable","11":"purchasable","12":"product-type-simple"},"_links":{"self":[{"href":"https:\/\/iarina023.supserv.cozmoslabs.com\/sv\/wp-json\/wp\/v2\/product\/15","targetHints":{"allow":["GET"]}}],"collection":[{"href":"https:\/\/iarina023.supserv.cozmoslabs.com\/sv\/wp-json\/wp\/v2\/product"}],"about":[{"href":"https:\/\/iarina023.supserv.cozmoslabs.com\/sv\/wp-json\/wp\/v2\/types\/product"}],"replies":[{"embeddable":true,"href":"https:\/\/iarina023.supserv.cozmoslabs.com\/sv\/wp-json\/wp\/v2\/comments?post=15"}],"wp:featuredmedia":[{"embeddable":true,"href":"https:\/\/iarina023.supserv.cozmoslabs.com\/sv\/wp-json\/wp\/v2\/media\/16"}],"wp:attachment":[{"href":"https:\/\/iarina023.supserv.cozmoslabs.com\/sv\/wp-json\/wp\/v2\/media?parent=15"}],"wp:term":[{"taxonomy":"product_brand","embeddable":true,"href":"https:\/\/iarina023.supserv.cozmoslabs.com\/sv\/wp-json\/wp\/v2\/product_brand?post=15"},{"taxonomy":"product_cat","embeddable":true,"href":"https:\/\/iarina023.supserv.cozmoslabs.com\/sv\/wp-json\/wp\/v2\/product_cat?post=15"},{"taxonomy":"product_tag","embeddable":true,"href":"https:\/\/iarina023.supserv.cozmoslabs.com\/sv\/wp-json\/wp\/v2\/product_tag?post=15"}],"curies":[{"name":"wp","href":"https:\/\/api.w.org\/{rel}","templated":true}]}}